{"id":1825,"date":"2024-08-06T06:50:04","date_gmt":"2024-08-06T06:50:04","guid":{"rendered":"https:\/\/www.royal-ingredients.com\/about-us\/"},"modified":"2026-02-23T13:13:39","modified_gmt":"2026-02-23T13:13:39","slug":"sobre-nosotros","status":"publish","type":"page","link":"https:\/\/www.royal-ingredients.com\/es\/sobre-nosotros\/","title":{"rendered":"Sobre nosotros"},"content":{"rendered":"\n\n<div id=\"rig-header-wrapper\" style=\"padding-top: 0px; padding-bottom: px; margin-top: 0px; margin-bottom: 0px;\">\n\n    <div class=\"container\">\n\t\t<div class=\"row\">\n\t\t\t<div class=\"col-12 col-sm-12 col-md-12 col-lg-12 col-xl-12 col-xxl-12\">\n\t\t\t\t<div id=\"rig-header-content-wrapper\">\n\t\t\t\t\t<div id=\"rig-header-content-image-wrapper\">\n\t\t\t\t\t\t<div class=\"rig-header-content-image-container\">\n\t\t\t\t\t\t\t\t\t\t\t\t\t\t<img decoding=\"async\" src=\"https:\/\/www.royal-ingredients.com\/wp-content\/uploads\/2024\/10\/Zonder-titel-900-x-1200-px-12-768x1024.png\" alt=\"\" \/>\n\t\t\t\t\t\t<\/div>\n\t\t\t\t\t<\/div>\n\t\t\t\t\t<div id=\"rig-header-content-content-wrapper\">\n\t\t\t\t\t\t<div id=\"rig-header-content-breadcrumb-wrapper\">\n\t\t\t\t\t\t\t\t\t\t\t\t\t<\/div>\n\t\t\t\t\t\t<div class=\"rig-header-content-content-container\">\n\t\t\t\t\t\t\t<h1 class=\"rig-header-content-content-title\"><p>Visi\u00f3n general de la <strong>empresa<\/strong><\/p>\n<h2 style=\"margin: 8pt 0cm 4pt;line-height: 24.5333px;font-size: 16pt;, sans-serif;font-weight: normal\"><span lang=\"ES\" style=\"font-size: 12pt;line-height: 18.4px;font-family: Arial, sans-serif\"><\/span><\/h2>\n<\/h1>\n\t\t\t\t\t\t\t<div class=\"rig-header-content-content-text\"><p>Fundada en 2007 en Alkmaar, Pa\u00edses Bajos, Royal Ingredients Group ha crecido de manera constante hasta convertirse en un actor activo en la distribuci\u00f3n de ingredientes de origen agr\u00edcola. Nuestra presencia global asegura que nuestros productos de alta calidad lleguen a los mercados de todo el mundo, contribuyendo al \u00e9xito de diversas industrias.<\/p>\n<\/div>\n\t\t\t\t\t\t\t\t\t\t\t\t\t\t\t\t\t\t\t\t\t\n\t\t\t\t\t\t\t\n\t\t\t\t\t\t<\/div>\n\t\t\t\t\t<\/div>\n\t\t\t\t<\/div>\n\t\t\t<\/div>\n\t\t<\/div>\n\t<\/div>\n\n<\/div>\n\n\n\t<div id=\"rig-background-and-faq-border-top-wrapper\" style=\"margin-top: 100px;\">\n\t\t<img decoding=\"async\" src=\"https:\/\/www.royal-ingredients.com\/wp-content\/themes\/webandnet-rig\/images\/borders\/RIG - Curved top-bottom border - WEB.png\" alt=\"curved border\"\/>\n\t<\/div>\n\n\t<div id=\"rig-background-and-faq-wrapper\" style=\"background-color: #FAF5F0; padding-top: 100px; padding-bottom: 100px; margin-bottom: 0px;\">\n\t\t\n\t\t\t\n\n\n\t\t\t\t\n\t<div id=\"rig-background-and-faq-background-wrapper\" style=\"margin-top: -12%\">\n\t\t<div class=\"rig-background-and-faq-background-container\">\n\t\t\t\t\t\t\t<div class=\"rig-background-and-faq-background-image-container\">\n\t\t\t\t\t<img decoding=\"async\" src=\"https:\/\/www.royal-ingredients.com\/wp-content\/uploads\/2024\/11\/Ontwerp-zonder-titel-16-3-1024x768-1.png\" alt=\"\" \/>\n\t\t\t\t<\/div>\n\t\t\t\t\t<\/div>\n\t\t\n\t\t<div id=\"rig-background-and-faq-content-wrapper\">\n\t\t\t<div class=\"container\">\n\t\t\t\t<div class=\"row\">\n\t\t\t\t\t<div class=\"col-12 col-sm-12 col-md-8 col-lg-5 col-xl-5 col-xxl-5\">\n\t\t\t\t\t\t<div class=\"rig-background-and-faq-content-container\">\n\t\t\t\t\t\t\t<h2 class=\"rig-background-and-faq-content-top-title\"><p>Lo que nos caracteriza<\/p>\n<\/h2>\n\t\t\t\t\t\t\t<div class=\"rig-background-and-faq-content-faq-wrapper\">\n\t\t\t\t\t\t\t\t<div class=\"accordion\" id=\"accordionFAQs\"><div class=\"accordion-item\"><div class=\"accordion-header\" id=\"heading-1\"><div class=\"accordion collapsed\" data-bs-toggle=\"collapse\" data-bs-target=\"#flush-collapse-1\" ><div class=\"\">Un toque personal<\/div><\/div><\/div><div id=\"flush-collapse-1\" class=\"accordion-collapse collapse\" data-bs-parent=\"#accordionFAQs\"><div class=\"accordion-body\"><p><span class=\"EOP SCXW172378092 BCX0\" data-ccp-props=\"{&quot;201341983&quot;:0,&quot;335559739&quot;:0,&quot;335559740&quot;:288}\">Estamos aqu&iacute; para responder a tus preguntas y satisfacer tus necesidades. Nuestra confiabilidad, ambici&oacute;n, diversi&oacute;n y trabajo duro, combinados con un esp&iacute;ritu emprendedor, contribuyen a relaciones comerciales mutuamente beneficiosas con un toque personal. <\/span><\/p><\/div><\/div><\/div><div class=\"accordion-item\"><div class=\"accordion-header\" id=\"heading-2\"><div class=\"accordion collapsed\" data-bs-toggle=\"collapse\" data-bs-target=\"#flush-collapse-2\" ><div class=\"\">Escala global<\/div><\/div><\/div><div id=\"flush-collapse-2\" class=\"accordion-collapse collapse\" data-bs-parent=\"#accordionFAQs\"><div class=\"accordion-body\"><p>Con sede en Alkmaar, Pa&iacute;ses Bajos, y oficinas en Estados Unidos, M&eacute;xico, China, Espa&ntilde;a, Dub&aacute;i e India, combinamos una perspectiva global con un toque local. Nuestro equipo comprometido de m&aacute;s de 80 profesionales opera en m&aacute;s de 100 pa&iacute;ses.<\/p><\/div><\/div><\/div><div class=\"accordion-item\"><div class=\"accordion-header\" id=\"heading-3\"><div class=\"accordion collapsed\" data-bs-toggle=\"collapse\" data-bs-target=\"#flush-collapse-3\" ><div class=\"\">Nuestra gente<\/div><\/div><\/div><div id=\"flush-collapse-3\" class=\"accordion-collapse collapse\" data-bs-parent=\"#accordionFAQs\"><div class=\"accordion-body\"><p><span class=\"TextRun SCXW181778064 BCX0\" lang=\"EN-US\" xml:lang=\"EN-US\" data-contrast=\"auto\"><span class=\"NormalTextRun SCXW181778064 BCX0\" data-ccp-parastyle=\"No Spacing\">Nuestro equipo es la fuerza motriz detr&aacute;s de nuestro &eacute;xito. Entendemos los desaf&iacute;os &uacute;nicos que enfrenta nuestra industria y nuestro compromiso es proporcionar soluciones que vayan m&aacute;s all&aacute; de las expectativas. Nuestro equipo est&aacute; aqu&iacute; para asistirte con tus necesidades diarias, identificar oportunidades, superar desaf&iacute;os y brindarte el servicio que mereces.&nbsp;<\/span><\/span><\/p><\/div><\/div><\/div><div class=\"accordion-item\"><div class=\"accordion-header\" id=\"heading-4\"><div class=\"accordion collapsed\" data-bs-toggle=\"collapse\" data-bs-target=\"#flush-collapse-4\" ><div class=\"\">Nuestras bolsas Royal Lion<\/div><\/div><\/div><div id=\"flush-collapse-4\" class=\"accordion-collapse collapse\" data-bs-parent=\"#accordionFAQs\"><div class=\"accordion-body\"><p><span class=\"NormalTextRun SCXW200675190 BCX0\">Nuestros ingredientes se distribuyen en todo el mundo y nuestra marca Royal Lion se encuentra en muchas plantas de fabricaci&oacute;n de alimentos, piensos y papel. Nuestro empaque confiable asegura calidad, confiabilidad y consistencia en cada paso del camino.<\/span><\/p><\/div><\/div><\/div><\/div>\t\n\t\t\t\t\t\t\t<\/div>\n\t\t\t\t\t\t<\/div>\n\t\t\t\t\t<\/div>\n\t\t\t\t<\/div>\n\t\t\t<\/div>\n\t\t<\/div>\n\t<\/div>\n\t\t\t\t\n\t\t\t\n<\/div>\n\n\n<div id=\"rig-image-title-text-wrapper\" style=\"background-color: #FAF5F0; padding-top: 100px; padding-bottom: 0px; margin-top: 0px; margin-bottom: 0px;\">\n\n    <div class=\"container\">\n\t\t<div class=\"row\">\n\t\t\t<div class=\"col-12 col-sm-12 col-md-12 col-lg-12 col-xl-12 col-xxl-12\">\n\t\t\t\t\n\t\t\t\t<div id=\"rig-image-title-text-image-content-wrapper\">\n\t\t\t\t\t\n\t\t\t\t\t<div id=\"rig-image-title-text-image-wrapper\" class=\"position-right landscape d-block d-lg-none d-xl-none d-xxl-none\">\n\t\t\t\t\t\t<div class=\"rig-image-title-text-image-container\">\n\t\t\t\t\t\t\t\t\t\t\t\t\t\t<img decoding=\"async\" src=\"https:\/\/www.royal-ingredients.com\/wp-content\/uploads\/2024\/10\/Ontwerp-zonder-titel-19-2-1024x768.png\" alt=\"\" \/>\n\t\t\t\t\t\t<\/div>\n\t\t\t\t\t<\/div>\n\t\t\t\t\t\n\t\t\t\t\t\n\t\t\t\t\t<div id=\"rig-image-title-text-content-wrapper\" class=\"image-position-right\"<\/div>\n\t\t\t\t\t\t<h2 class=\"rig-image-title-text-title\">Un negocio responsable<\/h2>\n\t\t\t\t\t\t<div class=\"rig-image-title-text-content-container\"><p>Nuestro objetivo es contribuir de manera consciente al respeto de los derechos humanos y ambientales a lo largo de nuestra cadena de suministro. Mantenemos un di&aacute;logo abierto y colaborativo con las partes interesadas clave para avanzar en nuestras pr&aacute;cticas de sostenibilidad. Valoramos las salvaguardias ambientales s&oacute;lidas, las condiciones de trabajo decentes y el bienestar de las comunidades en los pa&iacute;ses de origen de nuestros productos. Nuestro objetivo es asociarnos con proveedores y clientes que compartan nuestros valores, asegurando que nuestros productos sean de la m&aacute;s alta calidad, mientras priorizamos los mejores intereses del planeta. A trav&eacute;s de estos esfuerzos, nos esforzamos por tener un impacto positivo y contribuir a un futuro sostenible para todos.<\/p><\/div>\n\t\t\t\t\t<\/div>\n\n\t\t\t\t\t\t\t\t\t\t\t<div id=\"rig-image-title-text-image-wrapper\" class=\"position-right landscape d-none d-lg-block d-xl-block d-xxl-block\">\n\t\t\t\t\t\t\t<div class=\"rig-image-title-text-image-container\">\n\t\t\t\t\t\t\t\t\t\t\t\t\t\t\t\t<img decoding=\"async\" src=\"https:\/\/www.royal-ingredients.com\/wp-content\/uploads\/2024\/10\/Ontwerp-zonder-titel-19-2-1024x768.png\" alt=\"\" \/>\n\t\t\t\t\t\t\t<\/div>\n\t\t\t\t\t\t<\/div>\n\t\t\t\t\t\t\t\t\t<\/div>\n\t\t\t\t\n\t\t\t<\/div>\n\t\t<\/div>\n\t<\/div>\n<\/div>\n\n\t<div id=\"rig-background-and-faq-border-bottom-wrapper\" style=\"margin-top: 0px;\">\n\t\t<img decoding=\"async\" src=\"https:\/\/www.royal-ingredients.com\/wp-content\/themes\/webandnet-rig\/images\/borders\/RIG - Waved bottom border brown - WEB .png\" alt=\"waved border brown\" \/>\n\t<\/div>\n\n\n\n<div id=\"rig-image-title-text-wrapper\" style=\"background-color: ; padding-top: 0px; padding-bottom: 0px; margin-top: -200px; margin-bottom: 100px;\">\n\n    <div class=\"container\">\n\t\t<div class=\"row\">\n\t\t\t<div class=\"col-12 col-sm-12 col-md-12 col-lg-12 col-xl-12 col-xxl-12\">\n\t\t\t\t\n\t\t\t\t<div id=\"rig-image-title-text-image-content-wrapper\">\n\t\t\t\t\t\n\t\t\t\t\t<div id=\"rig-image-title-text-image-wrapper\" class=\"position-right landscape d-block d-lg-none d-xl-none d-xxl-none\">\n\t\t\t\t\t\t<div class=\"rig-image-title-text-image-container\">\n\t\t\t\t\t\t\t\t\t\t\t\t\t\t<img decoding=\"async\" src=\"https:\/\/www.royal-ingredients.com\/wp-content\/uploads\/2024\/10\/Ontwerp-zonder-titel-18-1-1024x768.png\" alt=\"\" \/>\n\t\t\t\t\t\t<\/div>\n\t\t\t\t\t<\/div>\n\t\t\t\t\t\n\t\t\t\t\t\t\t\t\t\t\t<div id=\"rig-image-title-text-image-wrapper\" class=\"position-left landscape d-none d-lg-block d-xl-block d-xxl-block\">\n\t\t\t\t\t\t\t<div class=\"rig-image-title-text-image-container\">\n\t\t\t\t\t\t\t\t\t\t\t\t\t\t\t\t<img decoding=\"async\" src=\"https:\/\/www.royal-ingredients.com\/wp-content\/uploads\/2024\/10\/Ontwerp-zonder-titel-18-1-1024x768.png\" alt=\"\" \/>\n\t\t\t\t\t\t\t<\/div>\n\t\t\t\t\t\t<\/div>\n\t\t\t\t\t\n\t\t\t\t\t<div id=\"rig-image-title-text-content-wrapper\" class=\"image-position-left\"<\/div>\n\t\t\t\t\t\t<h2 class=\"rig-image-title-text-title\">La visi\u00f3n a largo plazo<\/h2>\n\t\t\t\t\t\t<div class=\"rig-image-title-text-content-container\"><p>Royal Ingredients Group opera de manera independiente bajo el paraguas del Grupo Cefetra con sede en R&oacute;terdam. Cooperando estrechamente con marcas de alimentos independientes como Cefetra Dairy, Cefetra Premium Oils, Br&uuml;ning y Sedaco, juntos nos esforzamos por ofrecer el mejor servicio posible a nuestros valiosos clientes.<\/p><\/div>\n\t\t\t\t\t<\/div>\n\n\t\t\t\t\t\t\t\t\t<\/div>\n\t\t\t\t\n\t\t\t<\/div>\n\t\t<\/div>\n\t<\/div>\n<\/div>\n\n\n\n<div id=\"rig-img-full-screen-wrapper\" style=\"padding-top: px; padding-bottom: px; margin-top: 100px; margin-bottom: -400px;\">\n\n\t<div class=\"rig-img-full-screen-container\">\n\t\t<div class=\"rig-image-full-screen-border-top-container\"><img decoding=\"async\" src=\"https:\/\/www.royal-ingredients.com\/wp-content\/themes\/webandnet-rig\/images\/borders\/RIG - Curved top border white - WEB.svg\" alt=\"curved border white\" \/><\/div>\t\t\n\t\t\t\t\n\t\t<img decoding=\"async\" src=\"https:\/\/www.royal-ingredients.com\/wp-content\/uploads\/2024\/10\/Ontwerp-zonder-titel-28.png\" alt=\"\" \/>\n\t\t\n\t\t\t<\/div>\n\n<\/div>","protected":false},"excerpt":{"rendered":"<p>Conoce m\u00e1s sobre Royal Ingredients: un proveedor global de ingredientes agr\u00edcolas de alta calidad desde 2007. Comprometidos con el servicio personalizado, la sostenibilidad y el crecimiento.<\/p>\n","protected":false},"author":1,"featured_media":2032,"parent":0,"menu_order":0,"comment_status":"closed","ping_status":"closed","template":"","meta":{"_acf_changed":false,"footnotes":""},"categories":[],"tags":[],"class_list":["post-1825","page","type-page","status-publish","has-post-thumbnail","hentry"],"acf":[],"yoast_head":"<!-- This site is optimized with the Yoast SEO plugin v27.3 - https:\/\/yoast.com\/product\/yoast-seo-wordpress\/ -->\n<title>Sobre nosotros | Proveedor global de ingredientes de calidad<\/title>\n<meta name=\"description\" content=\"Conoce m\u00e1s sobre Royal Ingredients: un proveedor global de ingredientes agr\u00edcolas de alta calidad desde 2007. Comprometidos con el servicio personalizado, la sostenibilidad y el crecimiento.\" \/>\n<meta name=\"robots\" content=\"index, follow, max-snippet:-1, max-image-preview:large, max-video-preview:-1\" \/>\n<link rel=\"canonical\" href=\"https:\/\/www.royal-ingredients.com\/es\/sobre-nosotros\/\" \/>\n<meta property=\"og:locale\" content=\"es_ES\" \/>\n<meta property=\"og:type\" content=\"article\" \/>\n<meta property=\"og:title\" content=\"Sobre nosotros | Proveedor global de ingredientes de calidad\" \/>\n<meta property=\"og:description\" content=\"Conoce m\u00e1s sobre Royal Ingredients: un proveedor global de ingredientes agr\u00edcolas de alta calidad desde 2007. Comprometidos con el servicio personalizado, la sostenibilidad y el crecimiento.\" \/>\n<meta property=\"og:url\" content=\"https:\/\/www.royal-ingredients.com\/es\/sobre-nosotros\/\" \/>\n<meta property=\"og:site_name\" content=\"Royal Ingredients Group B.V.\" \/>\n<meta property=\"article:modified_time\" content=\"2026-02-23T13:13:39+00:00\" \/>\n<meta property=\"og:image\" content=\"https:\/\/www.royal-ingredients.com\/wp-content\/uploads\/2024\/12\/RIG-Verpakkingen-Mockup-01-Small.png\" \/>\n\t<meta property=\"og:image:width\" content=\"1568\" \/>\n\t<meta property=\"og:image:height\" content=\"1069\" \/>\n\t<meta property=\"og:image:type\" content=\"image\/png\" \/>\n<meta name=\"twitter:card\" content=\"summary_large_image\" \/>\n<meta name=\"twitter:label1\" content=\"Tiempo de lectura\" \/>\n\t<meta name=\"twitter:data1\" content=\"1 minuto\" \/>\n<script type=\"application\/ld+json\" class=\"yoast-schema-graph\">{\"@context\":\"https:\\\/\\\/schema.org\",\"@graph\":[{\"@type\":\"WebPage\",\"@id\":\"https:\\\/\\\/www.royal-ingredients.com\\\/es\\\/sobre-nosotros\\\/\",\"url\":\"https:\\\/\\\/www.royal-ingredients.com\\\/es\\\/sobre-nosotros\\\/\",\"name\":\"Sobre nosotros | Proveedor global de ingredientes de calidad\",\"isPartOf\":{\"@id\":\"https:\\\/\\\/www.royal-ingredients.com\\\/es\\\/#website\"},\"primaryImageOfPage\":{\"@id\":\"https:\\\/\\\/www.royal-ingredients.com\\\/es\\\/sobre-nosotros\\\/#primaryimage\"},\"image\":{\"@id\":\"https:\\\/\\\/www.royal-ingredients.com\\\/es\\\/sobre-nosotros\\\/#primaryimage\"},\"thumbnailUrl\":\"https:\\\/\\\/www.royal-ingredients.com\\\/wp-content\\\/uploads\\\/2024\\\/12\\\/RIG-Verpakkingen-Mockup-01-Small.png\",\"datePublished\":\"2024-08-06T06:50:04+00:00\",\"dateModified\":\"2026-02-23T13:13:39+00:00\",\"description\":\"Conoce m\u00e1s sobre Royal Ingredients: un proveedor global de ingredientes agr\u00edcolas de alta calidad desde 2007. Comprometidos con el servicio personalizado, la sostenibilidad y el crecimiento.\",\"breadcrumb\":{\"@id\":\"https:\\\/\\\/www.royal-ingredients.com\\\/es\\\/sobre-nosotros\\\/#breadcrumb\"},\"inLanguage\":\"es\",\"potentialAction\":[{\"@type\":\"ReadAction\",\"target\":[\"https:\\\/\\\/www.royal-ingredients.com\\\/es\\\/sobre-nosotros\\\/\"]}]},{\"@type\":\"ImageObject\",\"inLanguage\":\"es\",\"@id\":\"https:\\\/\\\/www.royal-ingredients.com\\\/es\\\/sobre-nosotros\\\/#primaryimage\",\"url\":\"https:\\\/\\\/www.royal-ingredients.com\\\/wp-content\\\/uploads\\\/2024\\\/12\\\/RIG-Verpakkingen-Mockup-01-Small.png\",\"contentUrl\":\"https:\\\/\\\/www.royal-ingredients.com\\\/wp-content\\\/uploads\\\/2024\\\/12\\\/RIG-Verpakkingen-Mockup-01-Small.png\",\"width\":1568,\"height\":1069},{\"@type\":\"BreadcrumbList\",\"@id\":\"https:\\\/\\\/www.royal-ingredients.com\\\/es\\\/sobre-nosotros\\\/#breadcrumb\",\"itemListElement\":[{\"@type\":\"ListItem\",\"position\":1,\"name\":\"Home\",\"item\":\"https:\\\/\\\/www.royal-ingredients.com\\\/es\\\/\"},{\"@type\":\"ListItem\",\"position\":2,\"name\":\"...\"}]},{\"@type\":\"WebSite\",\"@id\":\"https:\\\/\\\/www.royal-ingredients.com\\\/es\\\/#website\",\"url\":\"https:\\\/\\\/www.royal-ingredients.com\\\/es\\\/\",\"name\":\"Royal Ingredients Group B.V.\",\"description\":\"\",\"potentialAction\":[{\"@type\":\"SearchAction\",\"target\":{\"@type\":\"EntryPoint\",\"urlTemplate\":\"https:\\\/\\\/www.royal-ingredients.com\\\/es\\\/?s={search_term_string}\"},\"query-input\":{\"@type\":\"PropertyValueSpecification\",\"valueRequired\":true,\"valueName\":\"search_term_string\"}}],\"inLanguage\":\"es\"}]}<\/script>\n<!-- \/ Yoast SEO plugin. -->","yoast_head_json":{"title":"Sobre nosotros | Proveedor global de ingredientes de calidad","description":"Conoce m\u00e1s sobre Royal Ingredients: un proveedor global de ingredientes agr\u00edcolas de alta calidad desde 2007. Comprometidos con el servicio personalizado, la sostenibilidad y el crecimiento.","robots":{"index":"index","follow":"follow","max-snippet":"max-snippet:-1","max-image-preview":"max-image-preview:large","max-video-preview":"max-video-preview:-1"},"canonical":"https:\/\/www.royal-ingredients.com\/es\/sobre-nosotros\/","og_locale":"es_ES","og_type":"article","og_title":"Sobre nosotros | Proveedor global de ingredientes de calidad","og_description":"Conoce m\u00e1s sobre Royal Ingredients: un proveedor global de ingredientes agr\u00edcolas de alta calidad desde 2007. Comprometidos con el servicio personalizado, la sostenibilidad y el crecimiento.","og_url":"https:\/\/www.royal-ingredients.com\/es\/sobre-nosotros\/","og_site_name":"Royal Ingredients Group B.V.","article_modified_time":"2026-02-23T13:13:39+00:00","og_image":[{"width":1568,"height":1069,"url":"https:\/\/www.royal-ingredients.com\/wp-content\/uploads\/2024\/12\/RIG-Verpakkingen-Mockup-01-Small.png","type":"image\/png"}],"twitter_card":"summary_large_image","twitter_misc":{"Tiempo de lectura":"1 minuto"},"schema":{"@context":"https:\/\/schema.org","@graph":[{"@type":"WebPage","@id":"https:\/\/www.royal-ingredients.com\/es\/sobre-nosotros\/","url":"https:\/\/www.royal-ingredients.com\/es\/sobre-nosotros\/","name":"Sobre nosotros | Proveedor global de ingredientes de calidad","isPartOf":{"@id":"https:\/\/www.royal-ingredients.com\/es\/#website"},"primaryImageOfPage":{"@id":"https:\/\/www.royal-ingredients.com\/es\/sobre-nosotros\/#primaryimage"},"image":{"@id":"https:\/\/www.royal-ingredients.com\/es\/sobre-nosotros\/#primaryimage"},"thumbnailUrl":"https:\/\/www.royal-ingredients.com\/wp-content\/uploads\/2024\/12\/RIG-Verpakkingen-Mockup-01-Small.png","datePublished":"2024-08-06T06:50:04+00:00","dateModified":"2026-02-23T13:13:39+00:00","description":"Conoce m\u00e1s sobre Royal Ingredients: un proveedor global de ingredientes agr\u00edcolas de alta calidad desde 2007. Comprometidos con el servicio personalizado, la sostenibilidad y el crecimiento.","breadcrumb":{"@id":"https:\/\/www.royal-ingredients.com\/es\/sobre-nosotros\/#breadcrumb"},"inLanguage":"es","potentialAction":[{"@type":"ReadAction","target":["https:\/\/www.royal-ingredients.com\/es\/sobre-nosotros\/"]}]},{"@type":"ImageObject","inLanguage":"es","@id":"https:\/\/www.royal-ingredients.com\/es\/sobre-nosotros\/#primaryimage","url":"https:\/\/www.royal-ingredients.com\/wp-content\/uploads\/2024\/12\/RIG-Verpakkingen-Mockup-01-Small.png","contentUrl":"https:\/\/www.royal-ingredients.com\/wp-content\/uploads\/2024\/12\/RIG-Verpakkingen-Mockup-01-Small.png","width":1568,"height":1069},{"@type":"BreadcrumbList","@id":"https:\/\/www.royal-ingredients.com\/es\/sobre-nosotros\/#breadcrumb","itemListElement":[{"@type":"ListItem","position":1,"name":"Home","item":"https:\/\/www.royal-ingredients.com\/es\/"},{"@type":"ListItem","position":2,"name":"..."}]},{"@type":"WebSite","@id":"https:\/\/www.royal-ingredients.com\/es\/#website","url":"https:\/\/www.royal-ingredients.com\/es\/","name":"Royal Ingredients Group B.V.","description":"","potentialAction":[{"@type":"SearchAction","target":{"@type":"EntryPoint","urlTemplate":"https:\/\/www.royal-ingredients.com\/es\/?s={search_term_string}"},"query-input":{"@type":"PropertyValueSpecification","valueRequired":true,"valueName":"search_term_string"}}],"inLanguage":"es"}]}},"_links":{"self":[{"href":"https:\/\/www.royal-ingredients.com\/es\/wp-json\/wp\/v2\/pages\/1825","targetHints":{"allow":["GET"]}}],"collection":[{"href":"https:\/\/www.royal-ingredients.com\/es\/wp-json\/wp\/v2\/pages"}],"about":[{"href":"https:\/\/www.royal-ingredients.com\/es\/wp-json\/wp\/v2\/types\/page"}],"author":[{"embeddable":true,"href":"https:\/\/www.royal-ingredients.com\/es\/wp-json\/wp\/v2\/users\/1"}],"replies":[{"embeddable":true,"href":"https:\/\/www.royal-ingredients.com\/es\/wp-json\/wp\/v2\/comments?post=1825"}],"version-history":[{"count":4,"href":"https:\/\/www.royal-ingredients.com\/es\/wp-json\/wp\/v2\/pages\/1825\/revisions"}],"predecessor-version":[{"id":3143,"href":"https:\/\/www.royal-ingredients.com\/es\/wp-json\/wp\/v2\/pages\/1825\/revisions\/3143"}],"wp:featuredmedia":[{"embeddable":true,"href":"https:\/\/www.royal-ingredients.com\/es\/wp-json\/wp\/v2\/media\/2032"}],"wp:attachment":[{"href":"https:\/\/www.royal-ingredients.com\/es\/wp-json\/wp\/v2\/media?parent=1825"}],"wp:term":[{"taxonomy":"category","embeddable":true,"href":"https:\/\/www.royal-ingredients.com\/es\/wp-json\/wp\/v2\/categories?post=1825"},{"taxonomy":"post_tag","embeddable":true,"href":"https:\/\/www.royal-ingredients.com\/es\/wp-json\/wp\/v2\/tags?post=1825"}],"curies":[{"name":"wp","href":"https:\/\/api.w.org\/{rel}","templated":true}]}}